{"id":61,"date":"2010-03-31T14:28:19","date_gmt":"2010-03-31T14:28:19","guid":{"rendered":"http:\/\/selbsthypnosepraxis.de\/?page_id=61"},"modified":"2021-03-09T16:55:35","modified_gmt":"2021-03-09T16:55:35","slug":"leihpendel","status":"publish","type":"page","link":"https:\/\/selbsthypnosepraxis.de\/?page_id=61","title":{"rendered":"Leihpendel"},"content":{"rendered":"<p>Sollte unser Pendel einmal aufgrund einer Pendel-Dysfunktion ausfallen oder sollten Sie Ihr eigenes Pendel zu Hause vergessen haben, k\u00f6nnen Sie gern unser Leihpendel verwenden.<\/p>\n<p>Die Benutzung des Leihpendels erfordert jedoch eine hohe Konzentrationsf\u00e4higkeit sowie Selbstdisziplin, da Ihre Trance-Induktion durch das Internet abgelenkt werden k\u00f6nnte. Bitte schalten Sie unbedingt einen Pop-up-Blocker ein!<\/p>\n<p><img loading=\"lazy\" decoding=\"async\" class=\"aligncenter size-full wp-image-74\" title=\"pend\" src=\"https:\/\/selbsthypnosepraxis.de\/wp-content\/uploads\/2010\/03\/pend.gif\" alt=\"\" width=\"542\" height=\"424\" srcset=\"https:\/\/selbsthypnosepraxis.de\/wp-content\/uploads\/2010\/03\/pend.gif 542w, https:\/\/selbsthypnosepraxis.de\/wp-content\/uploads\/2010\/03\/pend-300x234.gif 300w\" sizes=\"auto, (max-width: 542px) 100vw, 542px\" \/><\/p>\n","protected":false},"excerpt":{"rendered":"<p>Sollte unser Pendel einmal aufgrund einer Pendel-Dysfunktion ausfallen oder sollten Sie Ihr eigenes Pendel zu Hause vergessen haben, k\u00f6nnen Sie gern unser Leihpendel verwenden. Die Benutzung des Leihpendels erfordert jedoch eine hohe Konzentrationsf\u00e4higkeit sowie Selbstdisziplin, da Ihre Trance-Induktion durch das Internet abgelenkt werden k\u00f6nnte. Bitte schalten Sie unbedingt einen Pop-up-Blocker ein!<\/p>\n","protected":false},"author":1,"featured_media":0,"parent":0,"menu_order":15,"comment_status":"closed","ping_status":"closed","template":"","meta":{"footnotes":""},"class_list":["post-61","page","type-page","status-publish","hentry","entry"],"_links":{"self":[{"href":"https:\/\/selbsthypnosepraxis.de\/index.php?rest_route=\/wp\/v2\/pages\/61","targetHints":{"allow":["GET"]}}],"collection":[{"href":"https:\/\/selbsthypnosepraxis.de\/index.php?rest_route=\/wp\/v2\/pages"}],"about":[{"href":"https:\/\/selbsthypnosepraxis.de\/index.php?rest_route=\/wp\/v2\/types\/page"}],"author":[{"embeddable":true,"href":"https:\/\/selbsthypnosepraxis.de\/index.php?rest_route=\/wp\/v2\/users\/1"}],"replies":[{"embeddable":true,"href":"https:\/\/selbsthypnosepraxis.de\/index.php?rest_route=%2Fwp%2Fv2%2Fcomments&post=61"}],"version-history":[{"count":7,"href":"https:\/\/selbsthypnosepraxis.de\/index.php?rest_route=\/wp\/v2\/pages\/61\/revisions"}],"predecessor-version":[{"id":151,"href":"https:\/\/selbsthypnosepraxis.de\/index.php?rest_route=\/wp\/v2\/pages\/61\/revisions\/151"}],"wp:attachment":[{"href":"https:\/\/selbsthypnosepraxis.de\/index.php?rest_route=%2Fwp%2Fv2%2Fmedia&parent=61"}],"curies":[{"name":"wp","href":"https:\/\/api.w.org\/{rel}","templated":true}]}}